{"id":276,"date":"2016-04-15T20:31:21","date_gmt":"2016-04-15T20:31:21","guid":{"rendered":"http:\/\/ayclegal.interactivos123.com\/?page_id=276"},"modified":"2016-04-15T21:00:15","modified_gmt":"2016-04-15T21:00:15","slug":"alumnai","status":"publish","type":"page","link":"https:\/\/acostalegal.co\/?page_id=276","title":{"rendered":"Alumnai"},"content":{"rendered":"<div class=\"alumanaiintern full-width-bg\">\n<h2 style=\"text-align: center;\">Alumnai<\/h2>\n<\/div>\n<div class=\"alumanaiintern1 col-sm-6\">\n<p style=\"text-align: justify;\">Nuestra Firma es el resultado de todas las personas que han hecho parte de nuestro equipo profesional y de colaboradores. Estamos orgullosos del talento humano que ha sido parte de nuestra firma, y queremos permanecer en contacto con todos aquellos que han dejado su huella. As\u00ed mismo se ha enriquecido con la participaci\u00f3n en seminarios, foros y la c\u00e1tedra universitaria. Lo invitamos a registrarse en nuestra comunidad de Alumnai, para permanecer en contacto con nosotros.<\/p>\n<\/div>\n<div class=\"alumanaiintern2 col-sm-6\"><img loading=\"lazy\" decoding=\"async\" class=\"aligncenter size-medium wp-image-286\" src=\"\/wp-content\/uploads\/2016\/04\/Acosta-6-of-9-300x284-300x284.jpg\" alt=\"Acosta-6-of-9-300x284\" width=\"300\" height=\"284\" \/><\/div>\n","protected":false},"excerpt":{"rendered":"<p>Alumnai Nuestra Firma es el resultado de todas las personas que han hecho parte de nuestro equipo profesional y de colaboradores. Estamos orgullosos del talento humano que ha sido parte de nuestra firma, y queremos permanecer en contacto con todos aquellos que han dejado su huella. As\u00ed mismo se ha enriquecido con la participaci\u00f3n en &hellip; <a href=\"https:\/\/acostalegal.co\/?page_id=276\" class=\"more-link\">Seguir leyendo <span class=\"screen-reader-text\">Alumnai<\/span> <span class=\"meta-nav\">&rarr;<\/span><\/a><\/p>\n","protected":false},"author":1,"featured_media":0,"parent":0,"menu_order":0,"comment_status":"closed","ping_status":"closed","template":"","meta":{"footnotes":""},"class_list":["post-276","page","type-page","status-publish","hentry"],"_links":{"self":[{"href":"https:\/\/acostalegal.co\/index.php?rest_route=\/wp\/v2\/pages\/276","targetHints":{"allow":["GET"]}}],"collection":[{"href":"https:\/\/acostalegal.co\/index.php?rest_route=\/wp\/v2\/pages"}],"about":[{"href":"https:\/\/acostalegal.co\/index.php?rest_route=\/wp\/v2\/types\/page"}],"author":[{"embeddable":true,"href":"https:\/\/acostalegal.co\/index.php?rest_route=\/wp\/v2\/users\/1"}],"replies":[{"embeddable":true,"href":"https:\/\/acostalegal.co\/index.php?rest_route=%2Fwp%2Fv2%2Fcomments&post=276"}],"version-history":[{"count":4,"href":"https:\/\/acostalegal.co\/index.php?rest_route=\/wp\/v2\/pages\/276\/revisions"}],"predecessor-version":[{"id":289,"href":"https:\/\/acostalegal.co\/index.php?rest_route=\/wp\/v2\/pages\/276\/revisions\/289"}],"wp:attachment":[{"href":"https:\/\/acostalegal.co\/index.php?rest_route=%2Fwp%2Fv2%2Fmedia&parent=276"}],"curies":[{"name":"wp","href":"https:\/\/api.w.org\/{rel}","templated":true}]}}